{"id":7,"date":"2018-05-21T07:15:47","date_gmt":"2018-05-21T07:15:47","guid":{"rendered":"http:\/\/fussbodentechniktorelli.de\/?page_id=7"},"modified":"2018-05-21T07:15:47","modified_gmt":"2018-05-21T07:15:47","slug":"home","status":"publish","type":"page","link":"https:\/\/www.fussbodentechniktorelli.de\/","title":{"rendered":"Home"},"content":{"rendered":"<ul>\n<li class=\"Stil5\">Massivparkettboden verkleben<\/li>\n<li class=\"Stil5\">Parkettboden schleifen und lackieren<\/li>\n<li class=\"Stil5\">Fertigparkett schwimmend oder fest verklebt<\/li>\n<li class=\"Stil5\">Textile Bodenbel\u00e4ge<\/li>\n<li class=\"Stil5\">PVC Bel\u00e4ge<\/li>\n<li class=\"Stil5\">Linoleum<\/li>\n<li class=\"Stil5\">Design B\u00f6den<\/li>\n<li><span class=\"Stil5\">Laminatboden<\/span><\/li>\n<\/ul>\n","protected":false},"excerpt":{"rendered":"<p>Massivparkettboden verkleben Parkettboden schleifen und lackieren Fertigparkett schwimmend oder fest verklebt Textile Bodenbel\u00e4ge PVC Bel\u00e4ge Linoleum Design B\u00f6den Laminatboden<\/p>\n","protected":false},"author":1,"featured_media":0,"parent":0,"menu_order":0,"comment_status":"closed","ping_status":"closed","template":"","meta":{"footnotes":""},"class_list":["post-7","page","type-page","status-publish","hentry"],"_links":{"self":[{"href":"https:\/\/www.fussbodentechniktorelli.de\/index.php?rest_route=\/wp\/v2\/pages\/7","targetHints":{"allow":["GET"]}}],"collection":[{"href":"https:\/\/www.fussbodentechniktorelli.de\/index.php?rest_route=\/wp\/v2\/pages"}],"about":[{"href":"https:\/\/www.fussbodentechniktorelli.de\/index.php?rest_route=\/wp\/v2\/types\/page"}],"author":[{"embeddable":true,"href":"https:\/\/www.fussbodentechniktorelli.de\/index.php?rest_route=\/wp\/v2\/users\/1"}],"replies":[{"embeddable":true,"href":"https:\/\/www.fussbodentechniktorelli.de\/index.php?rest_route=%2Fwp%2Fv2%2Fcomments&post=7"}],"version-history":[{"count":1,"href":"https:\/\/www.fussbodentechniktorelli.de\/index.php?rest_route=\/wp\/v2\/pages\/7\/revisions"}],"predecessor-version":[{"id":8,"href":"https:\/\/www.fussbodentechniktorelli.de\/index.php?rest_route=\/wp\/v2\/pages\/7\/revisions\/8"}],"wp:attachment":[{"href":"https:\/\/www.fussbodentechniktorelli.de\/index.php?rest_route=%2Fwp%2Fv2%2Fmedia&parent=7"}],"curies":[{"name":"wp","href":"https:\/\/api.w.org\/{rel}","templated":true}]}}